{"id":2265,"date":"2019-04-30T20:29:48","date_gmt":"2019-04-30T18:29:48","guid":{"rendered":"https:\/\/www.fundap.com.gt\/centro-tecnico\/?page_id=2265"},"modified":"2025-05-12T11:44:24","modified_gmt":"2025-05-12T17:44:24","slug":"nosotros","status":"publish","type":"page","link":"https:\/\/www.fundap.com.gt\/centro-tecnico\/nosotros\/","title":{"rendered":"Nosotros"},"content":{"rendered":"<div class=\"wpb-content-wrapper\"><p>[vc_row][vc_column][vc_tta_tour style=&#8221;flat&#8221; shape=&#8221;square&#8221; tab_position=&#8221;right&#8221; active_section=&#8221;1&#8243; no_fill_content_area=&#8221;true&#8221; el_class=&#8221;tour-nosotros&#8221;][vc_tta_section title=&#8221;\u00bfQui\u00e9nes somos?&#8221; tab_id=&#8221;quienes-somos&#8221;][vc_single_image image=&#8221;3869&#8243; img_size=&#8221;full&#8221; alignment=&#8221;center&#8221;]<div id=\"ultimate-heading-280969e9805fb54d3\" class=\"uvc-heading ult-adjust-bottom-margin ultimate-heading-280969e9805fb54d3 uvc-5249 \" data-hspacer=\"image_only\"  data-halign=\"left\" style=\"text-align:left\"><div class=\"uvc-main-heading ult-responsive\"  data-ultimate-target='.uvc-heading.ultimate-heading-280969e9805fb54d3 h2'  data-responsive-json-new='{\"font-size\":\"desktop:25px;\",\"line-height\":\"\"}' ><h2 style=\"font-family:&#039;Roboto&#039;;font-weight:bold;margin-top:15px;\">\u00bfQui\u00e9nes somos?<\/h2><\/div><div class=\"uvc-heading-spacer image_only\" style=\"top\"><img decoding=\"async\" src=\"https:\/\/www.fundap.com.gt\/centro-tecnico\/wp-content\/uploads\/2019\/05\/separtator.jpg\" class=\"ultimate-headings-icon-image\" alt=\"null\" style=\"width:100px\"\/><\/div><\/div>[vc_column_text css=&#8221;.vc_custom_1747071852889{padding-top: 20px !important;}&#8221; el_class=&#8221;descripcion-nosotros&#8221;]<\/p>\n<div>El Centro de Formaci\u00f3n T\u00e9cnica de FUNDAP inici\u00f3 sus actividades en 1999 con la apertura del primer centro: Centro Educativo Labor El Refugio, posteriormente han sido creadas diversas sedes y metodolog\u00edas.&nbsp; Todos estos espacios han sido creados con el objetivo de ser academias que buscan el desarrollo de las comunidades a trav\u00e9s de la formaci\u00f3n integral. Promovemos la inserci\u00f3n laboral y productividad de las personas y apoyamos a quienes buscan oportunidades de superaci\u00f3n y crecimiento t\u00e9cnico profesional<\/div>\n<p>[\/vc_column_text][vc_column_text css=&#8221;.vc_custom_1562199394950{padding-top: 20px !important;}&#8221; el_class=&#8221;descripcion-nosotros-quote&#8221;]<\/p>\n<p style=\"text-align: center;\"><strong>&#8220;A trav\u00e9s de nuestra metodolog\u00eda, los estudiantes descubren su propio potencial y desarrollan sus habilidades y destrezas&#8221;<\/strong><\/p>\n<p>[\/vc_column_text][\/vc_tta_section][vc_tta_section title=&#8221;\u00bfQu\u00e9 hacemos?&#8221; tab_id=&#8221;que-hacemos&#8221;][vc_single_image image=&#8221;2540&#8243; img_size=&#8221;full&#8221; alignment=&#8221;center&#8221;]<div id=\"ultimate-heading-659369e9805fb5943\" class=\"uvc-heading ult-adjust-bottom-margin ultimate-heading-659369e9805fb5943 uvc-2688 \" data-hspacer=\"image_only\"  data-halign=\"left\" style=\"text-align:left\"><div class=\"uvc-main-heading ult-responsive\"  data-ultimate-target='.uvc-heading.ultimate-heading-659369e9805fb5943 h2'  data-responsive-json-new='{\"font-size\":\"desktop:24px;\",\"line-height\":\"\"}' ><h2 style=\"font-family:&#039;Roboto&#039;;font-weight:bold;margin-top:15px;\">\u00bfQu\u00e9 hacemos?<\/h2><\/div><div class=\"uvc-heading-spacer image_only\" style=\"top\"><img decoding=\"async\" src=\"https:\/\/www.fundap.com.gt\/centro-tecnico\/wp-content\/uploads\/2019\/05\/separtator.jpg\" class=\"ultimate-headings-icon-image\" alt=\"null\" style=\"width:100px\"\/><\/div><\/div>[vc_column_text css=&#8221;.vc_custom_1562206057310{padding-top: 20px !important;}&#8221; el_id=&#8221;descripcion-nosotros&#8221; el_class=&#8221;descripcion-nosotros&#8221;]<\/p>\n<div>En el Centro de Formaci\u00f3n T\u00e9cnica de FUNDAP tenemos un cat\u00e1logo educativo con diversos diplomados, cursos y formaciones de acuerdo a los intereses, capacidades y disponibilidad de los interesados.<\/div>\n<p>[\/vc_column_text][vc_column_text css=&#8221;.vc_custom_1562206046220{padding-top: 20px !important;}&#8221; el_class=&#8221;descripcion-nosotros-quote&#8221;]<\/p>\n<p style=\"text-align: center;\"><strong>\u201cLa formaci\u00f3n t\u00e9cnica es una necesidad latente en Guatemala y un modelo muy utilizado en los pa\u00edses desarrollados\u201d<\/strong><\/p>\n<p>[\/vc_column_text][vc_column_text css=&#8221;.vc_custom_1564162517939{padding-top: 20px !important;}&#8221; el_class=&#8221;descripcion-nosotros&#8221;]<\/p>\n<div>A trav\u00e9s de ella las personas se desarrollan personalmente, pueden optar a mejores oportunidades laborales, se vuelven m\u00e1s competitivos y contribuyen al desarrollo de su comunidad.<\/div>\n<p>&nbsp;<\/p>\n<div>\n<p>Utilizamos diversas modalidades de aprendizaje que se adaptan al tiempo y posibilidades de cada estudiante. Las modalidades con las que trabajamos son:<\/p>\n<\/div>\n<div style=\"margin-top: 15px;\">\n<ul>\n<li><strong>Cursos intensivos de 192 horas (con estad\u00eda en los centros IJA)<\/strong><\/li>\n<li><strong>Cursos cortos de 2 d\u00edas<\/strong><\/li>\n<li><strong>Cursos b\u00e1sicos 400 horas<\/strong><\/li>\n<li><strong>Diplomados 520 horas (Aqu\u00ed se realiza Pr\u00e1ctica Supervisada)<\/strong><\/li>\n<\/ul>\n<\/div>\n<p>[\/vc_column_text][\/vc_tta_section][vc_tta_section title=&#8221;\u00bfD\u00f3nde estamos ubicados?&#8221; tab_id=&#8221;ubicacion&#8221;][vc_single_image image=&#8221;2545&#8243; img_size=&#8221;full&#8221; alignment=&#8221;center&#8221;]<div id=\"ultimate-heading-425769e9805fb6353\" class=\"uvc-heading ult-adjust-bottom-margin ultimate-heading-425769e9805fb6353 uvc-3637 \" data-hspacer=\"image_only\"  data-halign=\"left\" style=\"text-align:left\"><div class=\"uvc-main-heading ult-responsive\"  data-ultimate-target='.uvc-heading.ultimate-heading-425769e9805fb6353 h2'  data-responsive-json-new='{\"font-size\":\"desktop:24px;\",\"line-height\":\"\"}' ><h2 style=\"font-family:&#039;Roboto&#039;;font-weight:bold;\">\u00bfD\u00f3nde estamos ubicados?<\/h2><\/div><div class=\"uvc-heading-spacer image_only\" style=\"top\"><img decoding=\"async\" src=\"https:\/\/www.fundap.com.gt\/centro-tecnico\/wp-content\/uploads\/2019\/05\/separtator.jpg\" class=\"ultimate-headings-icon-image\" alt=\"null\" style=\"width:100px\"\/><\/div><\/div>[vc_column_text el_class=&#8221;descripcion-nosotros&#8221;]<\/p>\n<div><strong>1. Quetzaltenango<\/strong><\/div>\n<div>Cant\u00f3n Xecaracoj-Tierra Colorada Baja, Quetzaltenango<br \/>\nTel: 7794-1901<\/div>\n<p>[\/vc_column_text]<style type=\"text\/css\" data-type=\"the7_shortcodes-inline-css\">#default-btn-fe084bed37cace717b84e2c7d1a3252d {\n  border-radius: 1px;\n  font-size: 14px;\n  line-height: 16px;\n}\n.btn-shadow#default-btn-fe084bed37cace717b84e2c7d1a3252d {\n  box-shadow: 0 1px 6px rgba(0,0,0,0.12);\n  transition: box-shadow 0.2s ease-out, opacity 0.45s;\n}\n.btn-shadow#default-btn-fe084bed37cace717b84e2c7d1a3252d:hover {\n  box-shadow: 0 5px 11px 0 rgba(0,0,0,0.18), 0 4px 15px 0 rgba(0,0,0,0.15);\n}\n.btn-3d#default-btn-fe084bed37cace717b84e2c7d1a3252d {\n  box-shadow: 0px 2px 0px 0px #398bb9;\n}\n.btn-flat#default-btn-fe084bed37cace717b84e2c7d1a3252d {\n  box-shadow: none;\n}\n.btn-flat#default-btn-fe084bed37cace717b84e2c7d1a3252d:hover {\n  box-shadow: none;\n}\n#default-btn-fe084bed37cace717b84e2c7d1a3252d.ico-right-side > i {\n  margin-right: 0px;\n  margin-left: 8px;\n}\n#default-btn-fe084bed37cace717b84e2c7d1a3252d > i {\n  margin-right: 8px;\n  font-size: 14px;\n}\n#default-btn-fe084bed37cace717b84e2c7d1a3252d:not(:hover) {\n  border-width: 0px;\n  color: #ffffff;\n  background: #4cade3 !important;\n  padding: 12px 18px 12px 18px;\n}\n#default-btn-fe084bed37cace717b84e2c7d1a3252d:not(:hover) * {\n  color: #ffffff;\n}\n#default-btn-fe084bed37cace717b84e2c7d1a3252d:hover {\n  border-width: 0px;\n  padding: 12px 18px 12px 18px;\n}\n#default-btn-fe084bed37cace717b84e2c7d1a3252d.ico-right-side > i {\n  margin-right: 0px;\n  margin-left: 8px;\n}\n#default-btn-fe084bed37cace717b84e2c7d1a3252d > i {\n  margin-right: 8px;\n}<\/style><div class=\"btn-align-left\"><a href=\"https:\/\/www.fundap.com.gt\/centro-tecnico\/oferta-educativa\/centro-tecnico\/\" class=\"default-btn-shortcode dt-btn link-hover-off ver-oferta-educativa btn-flat  vc_custom_1564162747732\" id=\"default-btn-fe084bed37cace717b84e2c7d1a3252d\"><span>Ver Oferta Educativa<\/span><\/a><\/div>[vc_column_text el_class=&#8221;descripcion-nosotros&#8221;]<\/p>\n<div><strong>2. Mazatenango<\/strong><\/div>\n<div>&nbsp;<\/div>\n<div>4ta. Calle 2-23 Zona 1, Mazatenango<br \/>\nTel: 7872-4489<\/div>\n<p>[\/vc_column_text]<style type=\"text\/css\" data-type=\"the7_shortcodes-inline-css\">#default-btn-7c6470e220ff0c2b6c275d5f1f86ebf5 {\n  border-radius: 1px;\n  font-size: 14px;\n  line-height: 16px;\n}\n.btn-shadow#default-btn-7c6470e220ff0c2b6c275d5f1f86ebf5 {\n  box-shadow: 0 1px 6px rgba(0,0,0,0.12);\n  transition: box-shadow 0.2s ease-out, opacity 0.45s;\n}\n.btn-shadow#default-btn-7c6470e220ff0c2b6c275d5f1f86ebf5:hover {\n  box-shadow: 0 5px 11px 0 rgba(0,0,0,0.18), 0 4px 15px 0 rgba(0,0,0,0.15);\n}\n.btn-3d#default-btn-7c6470e220ff0c2b6c275d5f1f86ebf5 {\n  box-shadow: 0px 2px 0px 0px #398bb9;\n}\n.btn-flat#default-btn-7c6470e220ff0c2b6c275d5f1f86ebf5 {\n  box-shadow: none;\n}\n.btn-flat#default-btn-7c6470e220ff0c2b6c275d5f1f86ebf5:hover {\n  box-shadow: none;\n}\n#default-btn-7c6470e220ff0c2b6c275d5f1f86ebf5.ico-right-side > i {\n  margin-right: 0px;\n  margin-left: 8px;\n}\n#default-btn-7c6470e220ff0c2b6c275d5f1f86ebf5 > i {\n  margin-right: 8px;\n  font-size: 14px;\n}\n#default-btn-7c6470e220ff0c2b6c275d5f1f86ebf5:not(:hover) {\n  border-width: 0px;\n  color: #ffffff;\n  background: #4cade3 !important;\n  padding: 12px 18px 12px 18px;\n}\n#default-btn-7c6470e220ff0c2b6c275d5f1f86ebf5:not(:hover) * {\n  color: #ffffff;\n}\n#default-btn-7c6470e220ff0c2b6c275d5f1f86ebf5:hover {\n  border-width: 0px;\n  padding: 12px 18px 12px 18px;\n}\n#default-btn-7c6470e220ff0c2b6c275d5f1f86ebf5.ico-right-side > i {\n  margin-right: 0px;\n  margin-left: 8px;\n}\n#default-btn-7c6470e220ff0c2b6c275d5f1f86ebf5 > i {\n  margin-right: 8px;\n}<\/style><div class=\"btn-align-left\"><a href=\"https:\/\/www.fundap.com.gt\/centro-tecnico\/oferta-educativa\/centro-tecnico\/\" class=\"default-btn-shortcode dt-btn link-hover-off ver-oferta-educativa btn-flat  vc_custom_1564162795151\" id=\"default-btn-7c6470e220ff0c2b6c275d5f1f86ebf5\"><span>Ver Oferta Educativa<\/span><\/a><\/div>[vc_column_text el_class=&#8221;descripcion-nosotros&#8221;]<\/p>\n<div><strong>3. Quich\u00e9<br \/>\n<\/strong><\/div>\n<div>&nbsp;<\/div>\n<div>Manzana &#8220;D&#8221; Casa No. 5 Zona 4 Colonia &#8220;Los Celajes&#8221;, Santa Cruz del Quich\u00e9<br \/>\nTel: 7755-4544<\/div>\n<p>[\/vc_column_text]<style type=\"text\/css\" data-type=\"the7_shortcodes-inline-css\">#default-btn-75ddaa31045c0807353934b62c22782d {\n  border-radius: 1px;\n  font-size: 14px;\n  line-height: 16px;\n}\n.btn-shadow#default-btn-75ddaa31045c0807353934b62c22782d {\n  box-shadow: 0 1px 6px rgba(0,0,0,0.12);\n  transition: box-shadow 0.2s ease-out, opacity 0.45s;\n}\n.btn-shadow#default-btn-75ddaa31045c0807353934b62c22782d:hover {\n  box-shadow: 0 5px 11px 0 rgba(0,0,0,0.18), 0 4px 15px 0 rgba(0,0,0,0.15);\n}\n.btn-3d#default-btn-75ddaa31045c0807353934b62c22782d {\n  box-shadow: 0px 2px 0px 0px #398bb9;\n}\n.btn-flat#default-btn-75ddaa31045c0807353934b62c22782d {\n  box-shadow: none;\n}\n.btn-flat#default-btn-75ddaa31045c0807353934b62c22782d:hover {\n  box-shadow: none;\n}\n#default-btn-75ddaa31045c0807353934b62c22782d.ico-right-side > i {\n  margin-right: 0px;\n  margin-left: 8px;\n}\n#default-btn-75ddaa31045c0807353934b62c22782d > i {\n  margin-right: 8px;\n  font-size: 14px;\n}\n#default-btn-75ddaa31045c0807353934b62c22782d:not(:hover) {\n  border-width: 0px;\n  color: #ffffff;\n  background: #4cade3 !important;\n  padding: 12px 18px 12px 18px;\n}\n#default-btn-75ddaa31045c0807353934b62c22782d:not(:hover) * {\n  color: #ffffff;\n}\n#default-btn-75ddaa31045c0807353934b62c22782d:hover {\n  border-width: 0px;\n  padding: 12px 18px 12px 18px;\n}\n#default-btn-75ddaa31045c0807353934b62c22782d.ico-right-side > i {\n  margin-right: 0px;\n  margin-left: 8px;\n}\n#default-btn-75ddaa31045c0807353934b62c22782d > i {\n  margin-right: 8px;\n}<\/style><div class=\"btn-align-left\"><a href=\"https:\/\/www.fundap.com.gt\/centro-tecnico\/oferta-educativa\/centro-tecnico\/\" class=\"default-btn-shortcode dt-btn link-hover-off ver-oferta-educativa btn-flat  vc_custom_1564162808174\" id=\"default-btn-75ddaa31045c0807353934b62c22782d\"><span>Ver Oferta Educativa<\/span><\/a><\/div>[vc_column_text el_class=&#8221;descripcion-nosotros&#8221;]<\/p>\n<div><strong>4. San Marcos<br \/>\n<\/strong><\/div>\n<div>&nbsp;<\/div>\n<div>13 Avenida 5-131 Zona 4, San Marcos<br \/>\nTel: 7796-2900<\/div>\n<p>[\/vc_column_text]<style type=\"text\/css\" data-type=\"the7_shortcodes-inline-css\">#default-btn-a9381bdb9b696d34949d24be5942c148 {\n  border-radius: 1px;\n  font-size: 14px;\n  line-height: 16px;\n}\n.btn-shadow#default-btn-a9381bdb9b696d34949d24be5942c148 {\n  box-shadow: 0 1px 6px rgba(0,0,0,0.12);\n  transition: box-shadow 0.2s ease-out, opacity 0.45s;\n}\n.btn-shadow#default-btn-a9381bdb9b696d34949d24be5942c148:hover {\n  box-shadow: 0 5px 11px 0 rgba(0,0,0,0.18), 0 4px 15px 0 rgba(0,0,0,0.15);\n}\n.btn-3d#default-btn-a9381bdb9b696d34949d24be5942c148 {\n  box-shadow: 0px 2px 0px 0px #398bb9;\n}\n.btn-flat#default-btn-a9381bdb9b696d34949d24be5942c148 {\n  box-shadow: none;\n}\n.btn-flat#default-btn-a9381bdb9b696d34949d24be5942c148:hover {\n  box-shadow: none;\n}\n#default-btn-a9381bdb9b696d34949d24be5942c148.ico-right-side > i {\n  margin-right: 0px;\n  margin-left: 8px;\n}\n#default-btn-a9381bdb9b696d34949d24be5942c148 > i {\n  margin-right: 8px;\n  font-size: 14px;\n}\n#default-btn-a9381bdb9b696d34949d24be5942c148:not(:hover) {\n  border-width: 0px;\n  color: #ffffff;\n  background: #4cade3 !important;\n  padding: 12px 18px 12px 18px;\n}\n#default-btn-a9381bdb9b696d34949d24be5942c148:not(:hover) * {\n  color: #ffffff;\n}\n#default-btn-a9381bdb9b696d34949d24be5942c148:hover {\n  border-width: 0px;\n  padding: 12px 18px 12px 18px;\n}\n#default-btn-a9381bdb9b696d34949d24be5942c148.ico-right-side > i {\n  margin-right: 0px;\n  margin-left: 8px;\n}\n#default-btn-a9381bdb9b696d34949d24be5942c148 > i {\n  margin-right: 8px;\n}<\/style><div class=\"btn-align-left\"><a href=\"https:\/\/www.fundap.com.gt\/centro-tecnico\/oferta-educativa\/centro-tecnico\/\" class=\"default-btn-shortcode dt-btn link-hover-off ver-oferta-educativa btn-flat  vc_custom_1564162823288\" id=\"default-btn-a9381bdb9b696d34949d24be5942c148\"><span>Ver Oferta Educativa<\/span><\/a><\/div>[\/vc_tta_section][vc_tta_section title=&#8221;\u00bfPor qu\u00e9 nosotros?&#8221; tab_id=&#8221;por-que-nosotros&#8221;][vc_single_image image=&#8221;2534&#8243; img_size=&#8221;full&#8221; alignment=&#8221;center&#8221;]<div id=\"ultimate-heading-735469e9805fb71a7\" class=\"uvc-heading ult-adjust-bottom-margin ultimate-heading-735469e9805fb71a7 uvc-4833 \" data-hspacer=\"image_only\"  data-halign=\"left\" style=\"text-align:left\"><div class=\"uvc-main-heading ult-responsive\"  data-ultimate-target='.uvc-heading.ultimate-heading-735469e9805fb71a7 h2'  data-responsive-json-new='{\"font-size\":\"desktop:24px;\",\"line-height\":\"\"}' ><h2 style=\"font-family:&#039;Roboto&#039;;font-weight:bold;margin-top:15px;\">\u00bfPor qu\u00e9 nosotros?<\/h2><\/div><div class=\"uvc-heading-spacer image_only\" style=\"top\"><img decoding=\"async\" src=\"https:\/\/www.fundap.com.gt\/centro-tecnico\/wp-content\/uploads\/2019\/05\/separtator.jpg\" class=\"ultimate-headings-icon-image\" alt=\"null\" style=\"width:100px\"\/><\/div><\/div>[vc_column_text css=&#8221;.vc_custom_1562207358667{padding-top: 20px !important;}&#8221; el_class=&#8221;descripcion-nosotros&#8221;]<\/p>\n<div>Nuestra metodolog\u00eda est\u00e1 dise\u00f1ada con informaci\u00f3n completamente actualizada para aprender-haciendo. Se contemplan 3 \u00e1reas de desarrollo: T\u00e9cnica, Empresarial y Human\u00edstica.&nbsp; Esto con el fin de que los egresados al salir al mercado laboral, tengan los conocimientos que les permitan ser profesionales y empresarios con valores.<\/div>\n<p>&nbsp;<\/p>\n<div>Los a\u00f1os de experiencia nos han ayudado a perfeccionar esta forma de educaci\u00f3n y esto nos ayuda a mejorar la calidad de vida de cada participante.<\/div>\n<p>[\/vc_column_text][vc_column_text css=&#8221;.vc_custom_1562207342820{padding-top: 20px !important;}&#8221; el_class=&#8221;descripcion-nosotros-quote&#8221;]<\/p>\n<p style=\"text-align: center;\"><strong>&#8220;Estamos comprometidos con el desarrollo de Guatemala, contribuimos a reducir la pobreza en el occidente del pa\u00eds&#8221;<\/strong><\/p>\n<p>[\/vc_column_text][\/vc_tta_section][vc_tta_section title=&#8221;\u00bfConoces nuestros logros?&#8221; tab_id=&#8221;logros&#8221;][vc_single_image image=&#8221;2945&#8243; img_size=&#8221;full&#8221; alignment=&#8221;center&#8221;]<div id=\"ultimate-heading-205969e9805fb74ac\" class=\"uvc-heading ult-adjust-bottom-margin ultimate-heading-205969e9805fb74ac uvc-9680 \" data-hspacer=\"image_only\"  data-halign=\"left\" style=\"text-align:left\"><div class=\"uvc-main-heading ult-responsive\"  data-ultimate-target='.uvc-heading.ultimate-heading-205969e9805fb74ac h2'  data-responsive-json-new='{\"font-size\":\"desktop:24px;\",\"line-height\":\"\"}' ><h2 style=\"font-family:&#039;Roboto&#039;;font-weight:bold;margin-top:15px;\">\u00bfConoces nuestros logros?<\/h2><\/div><div class=\"uvc-heading-spacer image_only\" style=\"top\"><img decoding=\"async\" src=\"https:\/\/www.fundap.com.gt\/centro-tecnico\/wp-content\/uploads\/2019\/05\/separtator.jpg\" class=\"ultimate-headings-icon-image\" alt=\"null\" style=\"width:100px\"\/><\/div><\/div>[vc_column_text css=&#8221;.vc_custom_1564151269017{padding-top: 20px !important;}&#8221; el_class=&#8221;descripcion-nosotros&#8221;]La calidad de nuestro trabajo y sobre todo el compromiso de nuestros alumnos ha hecho que nuestro trabajo sea reconocido con m\u00faltiples premios, los que han ido increment\u00e1ndose cada a\u00f1o. Entre los principales reconocimientos podemos mencionar:[\/vc_column_text][vc_single_image image=&#8221;3650&#8243; img_size=&#8221;full&#8221; alignment=&#8221;center&#8221; onclick=&#8221;link_image&#8221; css=&#8221;.vc_custom_1565223634572{margin-top: 15px !important;margin-bottom: 15px !important;}&#8221; image_hovers=&#8221;false&#8221;][vc_column_text el_class=&#8221;descripcion-nosotros&#8221;]Y vamos por m\u00e1s\u2026<\/p>\n<p>\u00a1T\u00fa tambi\u00e9n puedes ser parte de este equipo ganador y representarnos en distintas competencias![\/vc_column_text][\/vc_tta_section][\/vc_tta_tour][\/vc_column][\/vc_row]<\/p>\n<\/div>","protected":false},"excerpt":{"rendered":"<p>[vc_row][vc_column][vc_tta_tour style=&#8221;flat&#8221; shape=&#8221;square&#8221; tab_position=&#8221;right&#8221; active_section=&#8221;1&#8243; no_fill_content_area=&#8221;true&#8221; el_class=&#8221;tour-nosotros&#8221;][vc_tta_section title=&#8221;\u00bfQui\u00e9nes somos?&#8221; tab_id=&#8221;quienes-somos&#8221;][vc_single_image image=&#8221;3869&#8243; img_size=&#8221;full&#8221; alignment=&#8221;center&#8221;][vc_column_text css=&#8221;.vc_custom_1747071852889{padding-top: 20px !important;}&#8221; el_class=&#8221;descripcion-nosotros&#8221;] El Centro de Formaci\u00f3n T\u00e9cnica de FUNDAP inici\u00f3 sus actividades en 1999 con la apertura del primer centro: Centro Educativo Labor El Refugio, posteriormente han sido creadas diversas sedes y metodolog\u00edas.&nbsp; Todos estos espacios han sido creados con&hellip;<\/p>\n","protected":false},"author":1,"featured_media":0,"parent":0,"menu_order":0,"comment_status":"closed","ping_status":"closed","template":"","meta":{"_acf_changed":false,"ngg_post_thumbnail":0,"footnotes":""},"tags":[],"class_list":["post-2265","page","type-page","status-publish","hentry","description-off"],"acf":[],"_links":{"self":[{"href":"https:\/\/www.fundap.com.gt\/centro-tecnico\/wp-json\/wp\/v2\/pages\/2265","targetHints":{"allow":["GET"]}}],"collection":[{"href":"https:\/\/www.fundap.com.gt\/centro-tecnico\/wp-json\/wp\/v2\/pages"}],"about":[{"href":"https:\/\/www.fundap.com.gt\/centro-tecnico\/wp-json\/wp\/v2\/types\/page"}],"author":[{"embeddable":true,"href":"https:\/\/www.fundap.com.gt\/centro-tecnico\/wp-json\/wp\/v2\/users\/1"}],"replies":[{"embeddable":true,"href":"https:\/\/www.fundap.com.gt\/centro-tecnico\/wp-json\/wp\/v2\/comments?post=2265"}],"version-history":[{"count":108,"href":"https:\/\/www.fundap.com.gt\/centro-tecnico\/wp-json\/wp\/v2\/pages\/2265\/revisions"}],"predecessor-version":[{"id":9507,"href":"https:\/\/www.fundap.com.gt\/centro-tecnico\/wp-json\/wp\/v2\/pages\/2265\/revisions\/9507"}],"wp:attachment":[{"href":"https:\/\/www.fundap.com.gt\/centro-tecnico\/wp-json\/wp\/v2\/media?parent=2265"}],"wp:term":[{"taxonomy":"post_tag","embeddable":true,"href":"https:\/\/www.fundap.com.gt\/centro-tecnico\/wp-json\/wp\/v2\/tags?post=2265"}],"curies":[{"name":"wp","href":"https:\/\/api.w.org\/{rel}","templated":true}]}}