{"id":2267,"date":"2019-04-30T20:30:13","date_gmt":"2019-04-30T18:30:13","guid":{"rendered":"https:\/\/www.fundap.com.gt\/centro-tecnico\/?page_id=2267"},"modified":"2023-01-16T11:07:37","modified_gmt":"2023-01-16T17:07:37","slug":"oferta-educativa","status":"publish","type":"page","link":"https:\/\/www.fundap.com.gt\/centro-tecnico\/oferta-educativa\/","title":{"rendered":"Oferta Educativa"},"content":{"rendered":"<div class=\"wpb-content-wrapper\"><p>[vc_row full_width=&#8221;stretch_row&#8221; bg_type=&#8221;image&#8221; parallax_style=&#8221;vcpb-default&#8221; bg_image_new=&#8221;id^8714|url^https:\/\/www.fundap.com.gt\/centro-tecnico\/wp-content\/uploads\/2023\/01\/FUNDAP-Centro-Tecnico-Oferta-Educativa-Banner.jpg|caption^null|alt^null|title^FUNDAP-Centro-Tecnico-Oferta-Educativa-Banner|description^null&#8221; bg_image_repeat=&#8221;no-repeat&#8221; enable_overlay=&#8221;enable_overlay_value&#8221; overlay_color=&#8221;rgba(0,0,0,0.6)&#8221; css=&#8221;.vc_custom_1673521077814{padding-top: 170px !important;padding-bottom: 170px !important;}&#8221;][vc_column][vc_column_text el_class=&#8221;white-text intro-text&#8221;]<\/p>\n<h1>Oferta educativa<\/h1>\n<p>En FUNDAP buscamos el crecimiento de las personas a trav\u00e9s del desarrollo de las habilidades y destrezas profesionales.<\/p>\n<p>\u00a1Descubre tu vocaci\u00f3n![\/vc_column_text][\/vc_column][\/vc_row][vc_row equal_height=&#8221;yes&#8221; content_placement=&#8221;middle&#8221; css=&#8221;.vc_custom_1673521314558{padding-top: 100px !important;padding-bottom: 80px !important;}&#8221;][vc_column width=&#8221;1\/2&#8243;][vc_column_text]<\/p>\n<h2>\u00bfQu\u00e9 quieres estudiar?<\/h2>\n<p>FUNDAP cuenta con centros de ubicaci\u00f3n fija que ofrecen una serie de Cursos T\u00e9cnicos adecuados a las necesidades, habilidades e intereses de las personas de cada regi\u00f3n.[\/vc_column_text][vc_column_text el_class=&#8221;sedes-text&#8221;]<span class=\"material-icons\">location_on<\/span>Las sedes disponibles se encuentran en Quetzaltenango, Mazatenango, San Marcos y Quich\u00e9.[\/vc_column_text][\/vc_column][vc_column width=&#8221;1\/12&#8243;][\/vc_column][vc_column width=&#8221;5\/12&#8243;][vc_single_image image=&#8221;8717&#8243; img_size=&#8221;full&#8221;][\/vc_column][\/vc_row][vc_section full_width=&#8221;stretch_row&#8221; css=&#8221;.vc_custom_1673521456670{padding-top: 75px !important;padding-bottom: 135px !important;background-color: rgba(223,233,243,0.25) !important;*background-color: rgb(223,233,243) !important;}&#8221;][vc_row][vc_column][vc_column_text css=&#8221;.vc_custom_1673521862625{margin-bottom: 50px !important;}&#8221;]<\/p>\n<h2>Formaci\u00f3n continua<\/h2>\n<p>[\/vc_column_text][\/vc_column][\/vc_row][vc_row][vc_column width=&#8221;1\/2&#8243; el_class=&#8221;card-wrapper&#8221;][vc_single_image image=&#8221;8038&#8243; img_size=&#8221;full&#8221; alignment=&#8221;center&#8221; onclick=&#8221;custom_link&#8221; link=&#8221;\/centro-tecnico\/cursos-diplomados\/&#8221; el_class=&#8221;img-grid&#8221;][vc_column_text el_class=&#8221;card-content&#8221;]<\/p>\n<h3>Cursos Diplomados<\/h3>\n<p>Cursos de 10 meses en los que se busca el crecimiento \u2028de las personas a trav\u00e9s de la formaci\u00f3n t\u00e9cnica,\u2028desarrollando destrezas que permitan generar ingresos.<\/p>\n<p><a href=\"\/centro-tecnico\/cursos-diplomados\/\">Ver cursos<\/a>[\/vc_column_text][\/vc_column][vc_column width=&#8221;1\/2&#8243; el_class=&#8221;card-wrapper&#8221;][vc_single_image image=&#8221;8069&#8243; img_size=&#8221;full&#8221; alignment=&#8221;center&#8221; onclick=&#8221;custom_link&#8221; link=&#8221;\/centro-tecnico\/cursos-especializados\/&#8221; el_class=&#8221;img-grid&#8221;][vc_column_text el_class=&#8221;card-content&#8221;]<\/p>\n<h3>Cursos Especializados<\/h3>\n<p>Cursos cortos de 6 meses para desarrollar tus habilidades y destrezas en cocina, belleza y textiles de manera tanto presencial como semi-presencial y virtual.<\/p>\n<p><a href=\"\/centro-tecnico\/cursos-especializados\/\">Ver cursos<\/a>[\/vc_column_text][\/vc_column][\/vc_row][vc_row css=&#8221;.vc_custom_1673541137842{padding-top: 35px !important;}&#8221;][vc_column width=&#8221;1\/2&#8243; el_class=&#8221;card-wrapper&#8221;][vc_single_image image=&#8221;8719&#8243; img_size=&#8221;full&#8221; alignment=&#8221;center&#8221; onclick=&#8221;custom_link&#8221; link=&#8221;\/centro-tecnico\/becas-inmersion\/&#8221; el_class=&#8221;img-grid&#8221;][vc_column_text el_class=&#8221;card-content&#8221;]<\/p>\n<h3>Becas Inmersi\u00f3n<\/h3>\n<p>Formaci\u00f3n intensiva e integral. Se selecciona a 2 j\u00f3venes por comunidad y se les brinda una formaci\u00f3n intensiva durante 12 d\u00edas en el C. T\u00e9cnico de Quetzaltenango.<\/p>\n<p><a href=\"\/centro-tecnico\/becas-inmersion\/\">M\u00e1s informaci\u00f3n<\/a>[\/vc_column_text][\/vc_column][vc_column width=&#8221;1\/2&#8243; el_class=&#8221;card-wrapper&#8221;][vc_single_image image=&#8221;8718&#8243; img_size=&#8221;full&#8221; alignment=&#8221;center&#8221; onclick=&#8221;custom_link&#8221; link=&#8221;\/centro-tecnico\/cedes\/&#8221; el_class=&#8221;img-grid&#8221;][vc_column_text el_class=&#8221;card-content&#8221;]<\/p>\n<h3>CEDES<\/h3>\n<p>M\u00e9todo por el cual FUNDAP ubica sedes m\u00f3viles en diferentes comunidades durante 6 meses. En ese per\u00edodo los interesados reciben diferentes cursos t\u00e9cnicos.<\/p>\n<p><a href=\"\/centro-tecnico\/cedes\/\">M\u00e1s informaci\u00f3n<\/a>[\/vc_column_text][\/vc_column][\/vc_row][vc_row css=&#8221;.vc_custom_1673526220029{padding-top: 110px !important;}&#8221;][vc_column][vc_column_text css=&#8221;.vc_custom_1673526201690{margin-bottom: 50px !important;}&#8221;]<\/p>\n<h2>Formaci\u00f3n de seguimiento<\/h2>\n<p>[\/vc_column_text][\/vc_column][\/vc_row][vc_row css=&#8221;.vc_custom_1673526173820{padding-bottom: 35px !important;}&#8221;][vc_column width=&#8221;1\/2&#8243; el_class=&#8221;card-wrapper&#8221;][vc_single_image image=&#8221;8720&#8243; img_size=&#8221;full&#8221; alignment=&#8221;center&#8221; onclick=&#8221;custom_link&#8221; link=&#8221;\/centro-tecnico\/contacto\/&#8221; el_class=&#8221;img-grid&#8221;][vc_column_text el_class=&#8221;card-content&#8221;]<\/p>\n<h3>Escuela-Taller<\/h3>\n<p>Los j\u00f3venes formados podr\u00e1n poner en pr\u00e1ctica los conocimientos adquiridos, bajo la supervisi\u00f3n de un capacitador, en Gastronom\u00eda y Mec\u00e1nica Automotriz.<\/p>\n<p><a href=\"\/centro-tecnico\/contacto\/\">Cont\u00e1ctanos<\/a>[\/vc_column_text][\/vc_column][vc_column width=&#8221;1\/2&#8243; el_class=&#8221;card-wrapper&#8221;][vc_single_image image=&#8221;3054&#8243; img_size=&#8221;full&#8221; alignment=&#8221;center&#8221; onclick=&#8221;custom_link&#8221; link=&#8221;\/centro-tecnico\/contacto\/&#8221; el_class=&#8221;img-grid&#8221;][vc_column_text el_class=&#8221;card-content&#8221;]<\/p>\n<h3>Egresados<\/h3>\n<p>Seguimiento a ex alumnos orientado a fortalecer actividades econ\u00f3micas de empresas que tienen potencial de crecimiento y asesoramiento para obtener un empleo.<\/p>\n<p><a href=\"\/centro-tecnico\/contacto\/\">Cont\u00e1ctanos<\/a>[\/vc_column_text][\/vc_column][\/vc_row][\/vc_section]<\/p>\n<\/div>","protected":false},"excerpt":{"rendered":"<p>[vc_row full_width=&#8221;stretch_row&#8221; bg_type=&#8221;image&#8221; parallax_style=&#8221;vcpb-default&#8221; bg_image_new=&#8221;id^8714|url^https:\/\/www.fundap.com.gt\/centro-tecnico\/wp-content\/uploads\/2023\/01\/FUNDAP-Centro-Tecnico-Oferta-Educativa-Banner.jpg|caption^null|alt^null|title^FUNDAP-Centro-Tecnico-Oferta-Educativa-Banner|description^null&#8221; bg_image_repeat=&#8221;no-repeat&#8221; enable_overlay=&#8221;enable_overlay_value&#8221; overlay_color=&#8221;rgba(0,0,0,0.6)&#8221; css=&#8221;.vc_custom_1673521077814{padding-top: 170px !important;padding-bottom: 170px !important;}&#8221;][vc_column][vc_column_text el_class=&#8221;white-text intro-text&#8221;] Oferta educativa En FUNDAP buscamos el crecimiento de las personas a trav\u00e9s del desarrollo de las habilidades y destrezas profesionales. \u00a1Descubre tu vocaci\u00f3n![\/vc_column_text][\/vc_column][\/vc_row][vc_row equal_height=&#8221;yes&#8221; content_placement=&#8221;middle&#8221; css=&#8221;.vc_custom_1673521314558{padding-top: 100px !important;padding-bottom: 80px !important;}&#8221;][vc_column width=&#8221;1\/2&#8243;][vc_column_text] \u00bfQu\u00e9 quieres estudiar? FUNDAP cuenta con centros de ubicaci\u00f3n&hellip;<\/p>\n","protected":false},"author":1,"featured_media":0,"parent":0,"menu_order":0,"comment_status":"closed","ping_status":"closed","template":"","meta":{"_acf_changed":false,"ngg_post_thumbnail":0,"footnotes":""},"tags":[],"class_list":["post-2267","page","type-page","status-publish","hentry","description-off"],"acf":[],"_links":{"self":[{"href":"https:\/\/www.fundap.com.gt\/centro-tecnico\/wp-json\/wp\/v2\/pages\/2267","targetHints":{"allow":["GET"]}}],"collection":[{"href":"https:\/\/www.fundap.com.gt\/centro-tecnico\/wp-json\/wp\/v2\/pages"}],"about":[{"href":"https:\/\/www.fundap.com.gt\/centro-tecnico\/wp-json\/wp\/v2\/types\/page"}],"author":[{"embeddable":true,"href":"https:\/\/www.fundap.com.gt\/centro-tecnico\/wp-json\/wp\/v2\/users\/1"}],"replies":[{"embeddable":true,"href":"https:\/\/www.fundap.com.gt\/centro-tecnico\/wp-json\/wp\/v2\/comments?post=2267"}],"version-history":[{"count":159,"href":"https:\/\/www.fundap.com.gt\/centro-tecnico\/wp-json\/wp\/v2\/pages\/2267\/revisions"}],"predecessor-version":[{"id":8748,"href":"https:\/\/www.fundap.com.gt\/centro-tecnico\/wp-json\/wp\/v2\/pages\/2267\/revisions\/8748"}],"wp:attachment":[{"href":"https:\/\/www.fundap.com.gt\/centro-tecnico\/wp-json\/wp\/v2\/media?parent=2267"}],"wp:term":[{"taxonomy":"post_tag","embeddable":true,"href":"https:\/\/www.fundap.com.gt\/centro-tecnico\/wp-json\/wp\/v2\/tags?post=2267"}],"curies":[{"name":"wp","href":"https:\/\/api.w.org\/{rel}","templated":true}]}}